{"id":248,"date":"2023-10-02T02:08:54","date_gmt":"2023-10-02T00:08:54","guid":{"rendered":"https:\/\/helianails-paris.com\/?page_id=248"},"modified":"2024-02-08T22:58:47","modified_gmt":"2024-02-08T21:58:47","slug":"manucure","status":"publish","type":"page","link":"https:\/\/helianails-paris.com\/index.php\/manucure\/","title":{"rendered":"Bar \u00e0 ongles"},"content":{"rendered":"\n<p class=\"has-text-align-center\">D\u00e9couvrez nos r\u00e9alisations en manucure, beaut\u00e9 des pieds et nail art : une parfaite fusion d&rsquo;\u00e9l\u00e9gance, de modernit\u00e9 et de cr\u00e9ativit\u00e9.<\/p>\n\n\n\n<figure class=\"wp-block-gallery has-nested-images columns-default is-cropped wp-block-gallery-1 is-layout-flex wp-block-gallery-is-layout-flex\">\n<figure class=\"wp-block-image size-large\"><img decoding=\"async\" loading=\"lazy\" width=\"683\" height=\"1024\" data-id=\"446\" src=\"https:\/\/helianails-paris.com\/wp-content\/uploads\/2024\/01\/DSCF7005-683x1024.jpg\" alt=\"\" class=\"wp-image-446\" srcset=\"https:\/\/helianails-paris.com\/wp-content\/uploads\/2024\/01\/DSCF7005-683x1024.jpg 683w, https:\/\/helianails-paris.com\/wp-content\/uploads\/2024\/01\/DSCF7005-200x300.jpg 200w, https:\/\/helianails-paris.com\/wp-content\/uploads\/2024\/01\/DSCF7005-768x1152.jpg 768w, https:\/\/helianails-paris.com\/wp-content\/uploads\/2024\/01\/DSCF7005-scaled.jpg 1707w\" sizes=\"(max-width: 683px) 100vw, 683px\" \/><\/figure>\n\n\n\n<figure class=\"wp-block-image size-large\"><img decoding=\"async\" loading=\"lazy\" width=\"683\" height=\"1024\" data-id=\"450\" src=\"https:\/\/helianails-paris.com\/wp-content\/uploads\/2024\/01\/DSCF6985-683x1024.jpg\" alt=\"\" class=\"wp-image-450\" srcset=\"https:\/\/helianails-paris.com\/wp-content\/uploads\/2024\/01\/DSCF6985-683x1024.jpg 683w, https:\/\/helianails-paris.com\/wp-content\/uploads\/2024\/01\/DSCF6985-200x300.jpg 200w, https:\/\/helianails-paris.com\/wp-content\/uploads\/2024\/01\/DSCF6985-768x1152.jpg 768w, https:\/\/helianails-paris.com\/wp-content\/uploads\/2024\/01\/DSCF6985-1024x1536.jpg 1024w, https:\/\/helianails-paris.com\/wp-content\/uploads\/2024\/01\/DSCF6985-1365x2048.jpg 1365w, https:\/\/helianails-paris.com\/wp-content\/uploads\/2024\/01\/DSCF6985-40x60.jpg 40w, https:\/\/helianails-paris.com\/wp-content\/uploads\/2024\/01\/DSCF6985-scaled.jpg 1707w\" sizes=\"(max-width: 683px) 100vw, 683px\" \/><\/figure>\n\n\n\n<figure class=\"wp-block-image size-large\"><img decoding=\"async\" loading=\"lazy\" width=\"683\" height=\"1024\" data-id=\"449\" src=\"https:\/\/helianails-paris.com\/wp-content\/uploads\/2024\/01\/DSCF2259-683x1024.jpg\" alt=\"\" class=\"wp-image-449\" srcset=\"https:\/\/helianails-paris.com\/wp-content\/uploads\/2024\/01\/DSCF2259-683x1024.jpg 683w, https:\/\/helianails-paris.com\/wp-content\/uploads\/2024\/01\/DSCF2259-200x300.jpg 200w, https:\/\/helianails-paris.com\/wp-content\/uploads\/2024\/01\/DSCF2259-scaled.jpg 1707w\" sizes=\"(max-width: 683px) 100vw, 683px\" \/><\/figure>\n\n\n\n<figure class=\"wp-block-image size-large\"><img decoding=\"async\" loading=\"lazy\" width=\"683\" height=\"1024\" data-id=\"445\" src=\"https:\/\/helianails-paris.com\/wp-content\/uploads\/2024\/01\/DSCF6908-683x1024.jpg\" alt=\"\" class=\"wp-image-445\" srcset=\"https:\/\/helianails-paris.com\/wp-content\/uploads\/2024\/01\/DSCF6908-683x1024.jpg 683w, https:\/\/helianails-paris.com\/wp-content\/uploads\/2024\/01\/DSCF6908-200x300.jpg 200w, https:\/\/helianails-paris.com\/wp-content\/uploads\/2024\/01\/DSCF6908-768x1152.jpg 768w, https:\/\/helianails-paris.com\/wp-content\/uploads\/2024\/01\/DSCF6908-scaled.jpg 1707w\" sizes=\"(max-width: 683px) 100vw, 683px\" \/><\/figure>\n\n\n\n<figure class=\"wp-block-image size-large\"><img decoding=\"async\" loading=\"lazy\" width=\"1707\" height=\"2560\" data-id=\"442\" src=\"https:\/\/helianails-paris.com\/wp-content\/uploads\/2024\/01\/DSCF6957-scaled.jpg\" alt=\"\" class=\"wp-image-442\" srcset=\"https:\/\/helianails-paris.com\/wp-content\/uploads\/2024\/01\/DSCF6957-scaled.jpg 1707w, https:\/\/helianails-paris.com\/wp-content\/uploads\/2024\/01\/DSCF6957-200x300.jpg 200w\" sizes=\"(max-width: 1707px) 100vw, 1707px\" \/><\/figure>\n\n\n\n<figure class=\"wp-block-image size-large\"><img decoding=\"async\" loading=\"lazy\" width=\"683\" height=\"1024\" data-id=\"447\" src=\"https:\/\/helianails-paris.com\/wp-content\/uploads\/2024\/01\/DSCF6896-683x1024.jpg\" alt=\"\" class=\"wp-image-447\" srcset=\"https:\/\/helianails-paris.com\/wp-content\/uploads\/2024\/01\/DSCF6896-683x1024.jpg 683w, https:\/\/helianails-paris.com\/wp-content\/uploads\/2024\/01\/DSCF6896-200x300.jpg 200w, https:\/\/helianails-paris.com\/wp-content\/uploads\/2024\/01\/DSCF6896-768x1152.jpg 768w, https:\/\/helianails-paris.com\/wp-content\/uploads\/2024\/01\/DSCF6896-1024x1536.jpg 1024w, https:\/\/helianails-paris.com\/wp-content\/uploads\/2024\/01\/DSCF6896-1365x2048.jpg 1365w, https:\/\/helianails-paris.com\/wp-content\/uploads\/2024\/01\/DSCF6896-40x60.jpg 40w, https:\/\/helianails-paris.com\/wp-content\/uploads\/2024\/01\/DSCF6896-scaled.jpg 1707w\" sizes=\"(max-width: 683px) 100vw, 683px\" \/><\/figure>\n\n\n\n<figure class=\"wp-block-image size-large\"><img decoding=\"async\" loading=\"lazy\" width=\"683\" height=\"1024\" data-id=\"441\" src=\"https:\/\/helianails-paris.com\/wp-content\/uploads\/2024\/01\/DSCF6820-683x1024.jpg\" alt=\"\" class=\"wp-image-441\" srcset=\"https:\/\/helianails-paris.com\/wp-content\/uploads\/2024\/01\/DSCF6820-683x1024.jpg 683w, https:\/\/helianails-paris.com\/wp-content\/uploads\/2024\/01\/DSCF6820-200x300.jpg 200w, https:\/\/helianails-paris.com\/wp-content\/uploads\/2024\/01\/DSCF6820-768x1152.jpg 768w, https:\/\/helianails-paris.com\/wp-content\/uploads\/2024\/01\/DSCF6820-scaled.jpg 1707w\" sizes=\"(max-width: 683px) 100vw, 683px\" \/><\/figure>\n\n\n\n<figure class=\"wp-block-image size-large\"><img decoding=\"async\" loading=\"lazy\" width=\"1707\" height=\"2560\" data-id=\"448\" src=\"https:\/\/helianails-paris.com\/wp-content\/uploads\/2024\/01\/DSCF6811-scaled.jpg\" alt=\"\" class=\"wp-image-448\" srcset=\"https:\/\/helianails-paris.com\/wp-content\/uploads\/2024\/01\/DSCF6811-scaled.jpg 1707w, https:\/\/helianails-paris.com\/wp-content\/uploads\/2024\/01\/DSCF6811-200x300.jpg 200w\" sizes=\"(max-width: 1707px) 100vw, 1707px\" \/><\/figure>\n\n\n\n<figure class=\"wp-block-image size-large\"><img decoding=\"async\" loading=\"lazy\" width=\"683\" height=\"1024\" data-id=\"443\" src=\"https:\/\/helianails-paris.com\/wp-content\/uploads\/2024\/01\/chip-683x1024.jpg\" alt=\"\" class=\"wp-image-443\" srcset=\"https:\/\/helianails-paris.com\/wp-content\/uploads\/2024\/01\/chip-683x1024.jpg 683w, https:\/\/helianails-paris.com\/wp-content\/uploads\/2024\/01\/chip-200x300.jpg 200w, https:\/\/helianails-paris.com\/wp-content\/uploads\/2024\/01\/chip-scaled.jpg 1707w\" sizes=\"(max-width: 683px) 100vw, 683px\" \/><\/figure>\n\n\n\n<figure class=\"wp-block-image size-large\"><img decoding=\"async\" loading=\"lazy\" width=\"683\" height=\"1024\" data-id=\"340\" src=\"https:\/\/helianails-paris.com\/wp-content\/uploads\/2023\/10\/DSCF2115-683x1024.jpg\" alt=\"\" class=\"wp-image-340\" srcset=\"https:\/\/helianails-paris.com\/wp-content\/uploads\/2023\/10\/DSCF2115-683x1024.jpg 683w, https:\/\/helianails-paris.com\/wp-content\/uploads\/2023\/10\/DSCF2115-200x300.jpg 200w, https:\/\/helianails-paris.com\/wp-content\/uploads\/2023\/10\/DSCF2115-768x1152.jpg 768w, https:\/\/helianails-paris.com\/wp-content\/uploads\/2023\/10\/DSCF2115-1024x1536.jpg 1024w, https:\/\/helianails-paris.com\/wp-content\/uploads\/2023\/10\/DSCF2115-1365x2048.jpg 1365w, https:\/\/helianails-paris.com\/wp-content\/uploads\/2023\/10\/DSCF2115-40x60.jpg 40w, https:\/\/helianails-paris.com\/wp-content\/uploads\/2023\/10\/DSCF2115-scaled.jpg 1707w\" sizes=\"(max-width: 683px) 100vw, 683px\" \/><\/figure>\n\n\n\n<figure class=\"wp-block-image size-large\"><img decoding=\"async\" loading=\"lazy\" width=\"683\" height=\"1024\" data-id=\"305\" src=\"https:\/\/helianails-paris.com\/wp-content\/uploads\/2023\/10\/DSCF2104-683x1024.jpg\" alt=\"\" class=\"wp-image-305\" srcset=\"https:\/\/helianails-paris.com\/wp-content\/uploads\/2023\/10\/DSCF2104-683x1024.jpg 683w, https:\/\/helianails-paris.com\/wp-content\/uploads\/2023\/10\/DSCF2104-200x300.jpg 200w, https:\/\/helianails-paris.com\/wp-content\/uploads\/2023\/10\/DSCF2104-768x1152.jpg 768w, https:\/\/helianails-paris.com\/wp-content\/uploads\/2023\/10\/DSCF2104-1024x1536.jpg 1024w, https:\/\/helianails-paris.com\/wp-content\/uploads\/2023\/10\/DSCF2104-1365x2048.jpg 1365w, https:\/\/helianails-paris.com\/wp-content\/uploads\/2023\/10\/DSCF2104-40x60.jpg 40w, https:\/\/helianails-paris.com\/wp-content\/uploads\/2023\/10\/DSCF2104-scaled.jpg 1707w\" sizes=\"(max-width: 683px) 100vw, 683px\" \/><\/figure>\n\n\n\n<figure class=\"wp-block-image size-large\"><img decoding=\"async\" loading=\"lazy\" width=\"985\" height=\"1024\" data-id=\"339\" src=\"https:\/\/helianails-paris.com\/wp-content\/uploads\/2023\/10\/DSCF2076-scaled-e1696379156422-985x1024.jpg\" alt=\"\" class=\"wp-image-339\" srcset=\"https:\/\/helianails-paris.com\/wp-content\/uploads\/2023\/10\/DSCF2076-scaled-e1696379156422-985x1024.jpg 985w, https:\/\/helianails-paris.com\/wp-content\/uploads\/2023\/10\/DSCF2076-scaled-e1696379156422-289x300.jpg 289w, https:\/\/helianails-paris.com\/wp-content\/uploads\/2023\/10\/DSCF2076-scaled-e1696379156422-768x799.jpg 768w, https:\/\/helianails-paris.com\/wp-content\/uploads\/2023\/10\/DSCF2076-scaled-e1696379156422-1477x1536.jpg 1477w, https:\/\/helianails-paris.com\/wp-content\/uploads\/2023\/10\/DSCF2076-scaled-e1696379156422-58x60.jpg 58w, https:\/\/helianails-paris.com\/wp-content\/uploads\/2023\/10\/DSCF2076-scaled-e1696379156422.jpg 1706w\" sizes=\"(max-width: 985px) 100vw, 985px\" \/><\/figure>\n\n\n\n<figure class=\"wp-block-image size-large\"><img decoding=\"async\" loading=\"lazy\" width=\"683\" height=\"1024\" data-id=\"312\" src=\"https:\/\/helianails-paris.com\/wp-content\/uploads\/2023\/10\/DSCF6977-683x1024.jpg\" alt=\"\" class=\"wp-image-312\" srcset=\"https:\/\/helianails-paris.com\/wp-content\/uploads\/2023\/10\/DSCF6977-683x1024.jpg 683w, https:\/\/helianails-paris.com\/wp-content\/uploads\/2023\/10\/DSCF6977-200x300.jpg 200w, https:\/\/helianails-paris.com\/wp-content\/uploads\/2023\/10\/DSCF6977-768x1152.jpg 768w, https:\/\/helianails-paris.com\/wp-content\/uploads\/2023\/10\/DSCF6977-1024x1536.jpg 1024w, https:\/\/helianails-paris.com\/wp-content\/uploads\/2023\/10\/DSCF6977-1365x2048.jpg 1365w, https:\/\/helianails-paris.com\/wp-content\/uploads\/2023\/10\/DSCF6977-40x60.jpg 40w, https:\/\/helianails-paris.com\/wp-content\/uploads\/2023\/10\/DSCF6977-scaled.jpg 1707w\" sizes=\"(max-width: 683px) 100vw, 683px\" \/><\/figure>\n\n\n\n<figure class=\"wp-block-image size-large\"><img decoding=\"async\" data-id=\"444\" src=\"https:\/\/helianails-paris.com\/wp-content\/uploads\/2024\/01\/DSCF7017.jpg\" alt=\"\" class=\"wp-image-444\"\/><\/figure>\n\n\n\n<figure class=\"wp-block-image size-large\"><img decoding=\"async\" loading=\"lazy\" width=\"683\" height=\"1024\" data-id=\"451\" src=\"https:\/\/helianails-paris.com\/wp-content\/uploads\/2024\/01\/DSCF2200-683x1024.jpg\" alt=\"\" class=\"wp-image-451\" srcset=\"https:\/\/helianails-paris.com\/wp-content\/uploads\/2024\/01\/DSCF2200-683x1024.jpg 683w, https:\/\/helianails-paris.com\/wp-content\/uploads\/2024\/01\/DSCF2200-200x300.jpg 200w, https:\/\/helianails-paris.com\/wp-content\/uploads\/2024\/01\/DSCF2200-768x1152.jpg 768w, https:\/\/helianails-paris.com\/wp-content\/uploads\/2024\/01\/DSCF2200-1024x1536.jpg 1024w, https:\/\/helianails-paris.com\/wp-content\/uploads\/2024\/01\/DSCF2200-scaled.jpg 1707w\" sizes=\"(max-width: 683px) 100vw, 683px\" \/><\/figure>\n<\/figure>\n","protected":false},"excerpt":{"rendered":"<p>D\u00e9couvrez nos r\u00e9alisations en manucure, beaut\u00e9 des pieds et nail art : une parfaite fusion d&rsquo;\u00e9l\u00e9gance, de modernit\u00e9 et de cr\u00e9ativit\u00e9.<\/p>\n","protected":false},"author":1,"featured_media":0,"parent":0,"menu_order":0,"comment_status":"closed","ping_status":"closed","template":"","meta":{"footnotes":""},"_links":{"self":[{"href":"https:\/\/helianails-paris.com\/index.php\/wp-json\/wp\/v2\/pages\/248"}],"collection":[{"href":"https:\/\/helianails-paris.com\/index.php\/wp-json\/wp\/v2\/pages"}],"about":[{"href":"https:\/\/helianails-paris.com\/index.php\/wp-json\/wp\/v2\/types\/page"}],"author":[{"embeddable":true,"href":"https:\/\/helianails-paris.com\/index.php\/wp-json\/wp\/v2\/users\/1"}],"replies":[{"embeddable":true,"href":"https:\/\/helianails-paris.com\/index.php\/wp-json\/wp\/v2\/comments?post=248"}],"version-history":[{"count":10,"href":"https:\/\/helianails-paris.com\/index.php\/wp-json\/wp\/v2\/pages\/248\/revisions"}],"predecessor-version":[{"id":780,"href":"https:\/\/helianails-paris.com\/index.php\/wp-json\/wp\/v2\/pages\/248\/revisions\/780"}],"wp:attachment":[{"href":"https:\/\/helianails-paris.com\/index.php\/wp-json\/wp\/v2\/media?parent=248"}],"curies":[{"name":"wp","href":"https:\/\/api.w.org\/{rel}","templated":true}]}}