{"id":231,"date":"2023-10-02T01:58:35","date_gmt":"2023-10-01T23:58:35","guid":{"rendered":"https:\/\/helianails-paris.com\/?page_id=231"},"modified":"2024-11-28T15:02:54","modified_gmt":"2024-11-28T14:02:54","slug":"offres-en-cours","status":"publish","type":"page","link":"https:\/\/helianails-paris.com\/index.php\/offres-en-cours\/","title":{"rendered":"\u2764\ufe0f Promos \u2764\ufe0f"},"content":{"rendered":"\n<div class=\"wp-block-columns is-layout-flex wp-container-18 wp-block-columns-is-layout-flex\">\n<div class=\"wp-block-column is-layout-flow wp-block-column-is-layout-flow\" style=\"flex-basis:100%\">\n<div class=\"wp-block-columns is-layout-flex wp-container-6 wp-block-columns-is-layout-flex\">\n<div class=\"wp-block-column is-layout-flow wp-block-column-is-layout-flow\">\n<figure class=\"wp-block-gallery has-nested-images columns-default is-cropped wp-block-gallery-1 is-layout-flex wp-block-gallery-is-layout-flex\">\n<figure class=\"wp-block-image size-large\"><img decoding=\"async\" loading=\"lazy\" width=\"1024\" height=\"1024\" src=\"https:\/\/helianails-paris.com\/wp-content\/uploads\/2024\/11\/Documents-A4-Noel-Invitation-Rouge-et-Noir-Publication-Instagram-1-1-1024x1024.png\" alt=\"\" class=\"wp-image-841\" srcset=\"https:\/\/helianails-paris.com\/wp-content\/uploads\/2024\/11\/Documents-A4-Noel-Invitation-Rouge-et-Noir-Publication-Instagram-1-1-1024x1024.png 1024w, https:\/\/helianails-paris.com\/wp-content\/uploads\/2024\/11\/Documents-A4-Noel-Invitation-Rouge-et-Noir-Publication-Instagram-1-1-300x300.png 300w, https:\/\/helianails-paris.com\/wp-content\/uploads\/2024\/11\/Documents-A4-Noel-Invitation-Rouge-et-Noir-Publication-Instagram-1-1-150x150.png 150w, https:\/\/helianails-paris.com\/wp-content\/uploads\/2024\/11\/Documents-A4-Noel-Invitation-Rouge-et-Noir-Publication-Instagram-1-1-768x768.png 768w, https:\/\/helianails-paris.com\/wp-content\/uploads\/2024\/11\/Documents-A4-Noel-Invitation-Rouge-et-Noir-Publication-Instagram-1-1-60x60.png 60w, https:\/\/helianails-paris.com\/wp-content\/uploads\/2024\/11\/Documents-A4-Noel-Invitation-Rouge-et-Noir-Publication-Instagram-1-1.png 1080w\" sizes=\"(max-width: 1024px) 100vw, 1024px\" \/><\/figure>\n<\/figure>\n<\/div>\n\n\n\n<div class=\"wp-block-column is-vertically-aligned-center is-layout-flow wp-block-column-is-layout-flow\">\n<h2 class=\"wp-block-heading has-text-align-center has-text-color\" style=\"color:#b21f5b\">Offre sp\u00e9ciale No\u00ebl : Calendrier de l&rsquo;Avent \u2728<\/h2>\n\n\n\n<p class=\"has-text-align-center has-black-color has-text-color\">Du 1er au 24 d\u00e9cembre 2024, chaque prestation vous offre un cadeau surprise \ud83c\udf81 !<br>Des centaines de cadeaux \u00e0 d\u00e9couvrir, mais attention : quantit\u00e9 limit\u00e9e chaque jour !<\/p>\n\n\n\n<p class=\"has-text-align-center has-black-color has-text-color\">Premier arriv\u00e9, premier servi \u2013 alors ne tardez pas \u00e0 r\u00e9server votre moment de beaut\u00e9 \ud83d\udc85\u2744\ufe0f<\/p>\n\n\n\n<p class=\"has-text-align-center has-black-color has-text-color\"><em>* Offre valable pour tout achat sup\u00e9rieur \u00e0 49 \u20ac<\/em><\/p>\n\n\n\n<div class=\"wp-block-buttons is-content-justification-center is-layout-flex wp-container-4 wp-block-buttons-is-layout-flex\">\n<div class=\"wp-block-button\"><a class=\"wp-block-button__link has-white-color has-text-color has-background has-text-align-center wp-element-button\" href=\"https:\/\/helianails-paris.com\/index.php\/reserver\/\" style=\"background-color:#b21f5b\">J&rsquo;en profite<\/a><\/div>\n<\/div>\n<\/div>\n<\/div>\n\n\n\n<div class=\"wp-block-columns is-layout-flex wp-container-10 wp-block-columns-is-layout-flex\">\n<div class=\"wp-block-column is-layout-flow wp-block-column-is-layout-flow\">\n<figure class=\"wp-block-image size-large\"><img decoding=\"async\" loading=\"lazy\" width=\"1024\" height=\"1024\" src=\"https:\/\/helianails-paris.com\/wp-content\/uploads\/2024\/02\/Pink-Modern-Appointments-Available-Manicure-Nail-Designer-Instagram-Story-1080-x-1080-px-4-1024x1024.png\" alt=\"\" class=\"wp-image-554\" srcset=\"https:\/\/helianails-paris.com\/wp-content\/uploads\/2024\/02\/Pink-Modern-Appointments-Available-Manicure-Nail-Designer-Instagram-Story-1080-x-1080-px-4-1024x1024.png 1024w, https:\/\/helianails-paris.com\/wp-content\/uploads\/2024\/02\/Pink-Modern-Appointments-Available-Manicure-Nail-Designer-Instagram-Story-1080-x-1080-px-4-300x300.png 300w, https:\/\/helianails-paris.com\/wp-content\/uploads\/2024\/02\/Pink-Modern-Appointments-Available-Manicure-Nail-Designer-Instagram-Story-1080-x-1080-px-4-150x150.png 150w, https:\/\/helianails-paris.com\/wp-content\/uploads\/2024\/02\/Pink-Modern-Appointments-Available-Manicure-Nail-Designer-Instagram-Story-1080-x-1080-px-4-768x768.png 768w, https:\/\/helianails-paris.com\/wp-content\/uploads\/2024\/02\/Pink-Modern-Appointments-Available-Manicure-Nail-Designer-Instagram-Story-1080-x-1080-px-4-60x60.png 60w, https:\/\/helianails-paris.com\/wp-content\/uploads\/2024\/02\/Pink-Modern-Appointments-Available-Manicure-Nail-Designer-Instagram-Story-1080-x-1080-px-4.png 1080w\" sizes=\"(max-width: 1024px) 100vw, 1024px\" \/><\/figure>\n<\/div>\n\n\n\n<div class=\"wp-block-column is-vertically-aligned-center is-layout-flow wp-block-column-is-layout-flow\">\n<h2 class=\"wp-block-heading has-text-align-center has-text-color\" style=\"color:#b21f5b\">-10% pour les \u00e9tudiants<a href=\"https:\/\/coolsymbol.com\/copy\/Graduation_Cap_Emoji_Symbol_%F0%9F%8E%93\">\ud83c\udf93<\/a><\/h2>\n\n\n\n<p class=\"has-text-align-center has-black-color has-text-color\">B\u00e9n\u00e9ficiez de <strong>10%<\/strong> de r\u00e9duction sur <strong>TOUTES<\/strong> nos prestations sur pr\u00e9sentation de votre carte \u00e9tudiante ! \ud83d\udc85 <\/p>\n\n\n\n<p class=\"has-text-align-center has-black-color has-text-color\">Offrez-vous une manucure impeccable sans casser votre tirelire chez Helia Nails ! \ud83c\udf38<\/p>\n\n\n\n<div class=\"wp-block-buttons is-content-justification-center is-layout-flex wp-container-8 wp-block-buttons-is-layout-flex\">\n<div class=\"wp-block-button\"><a class=\"wp-block-button__link has-white-color has-text-color has-background has-text-align-center wp-element-button\" href=\"https:\/\/helianails-paris.com\/index.php\/reserver\/\" style=\"background-color:#b21f5b\">J&rsquo;en profite<\/a><\/div>\n<\/div>\n<\/div>\n<\/div>\n\n\n\n<div class=\"wp-block-columns is-layout-flex wp-container-16 wp-block-columns-is-layout-flex\">\n<div class=\"wp-block-column is-layout-flow wp-block-column-is-layout-flow\">\n<div class=\"wp-block-group is-layout-constrained wp-block-group-is-layout-constrained\"><div class=\"wp-block-group__inner-container\">\n<div class=\"wp-block-group is-layout-constrained wp-block-group-is-layout-constrained\"><div class=\"wp-block-group__inner-container\">\n<figure class=\"wp-block-image size-large\"><img decoding=\"async\" loading=\"lazy\" width=\"1024\" height=\"727\" src=\"https:\/\/helianails-paris.com\/wp-content\/uploads\/2024\/07\/Pink-Elegant-Gift-Voucher-2-1024x727.png\" alt=\"\" class=\"wp-image-835\" srcset=\"https:\/\/helianails-paris.com\/wp-content\/uploads\/2024\/07\/Pink-Elegant-Gift-Voucher-2-1024x727.png 1024w, https:\/\/helianails-paris.com\/wp-content\/uploads\/2024\/07\/Pink-Elegant-Gift-Voucher-2-300x213.png 300w, https:\/\/helianails-paris.com\/wp-content\/uploads\/2024\/07\/Pink-Elegant-Gift-Voucher-2-768x545.png 768w, https:\/\/helianails-paris.com\/wp-content\/uploads\/2024\/07\/Pink-Elegant-Gift-Voucher-2-1536x1090.png 1536w, https:\/\/helianails-paris.com\/wp-content\/uploads\/2024\/07\/Pink-Elegant-Gift-Voucher-2-85x60.png 85w, https:\/\/helianails-paris.com\/wp-content\/uploads\/2024\/07\/Pink-Elegant-Gift-Voucher-2.png 1748w\" sizes=\"(max-width: 1024px) 100vw, 1024px\" \/><\/figure>\n<\/div><\/div>\n<\/div><\/div>\n<\/div>\n\n\n\n<div class=\"wp-block-column is-vertically-aligned-center is-layout-flow wp-block-column-is-layout-flow\">\n<h2 class=\"wp-block-heading has-text-align-center has-text-color\" style=\"color:#b21f5b\">Bon cadeaux -10% \u00e0 chaque utilisation \ud83d\udc95<\/h2>\n\n\n\n<p class=\"has-text-align-center has-black-color has-text-color\">D\u00e9couvrez nos <strong>bons cadeaux<\/strong> <br>qui gonflent en valeur !  <\/p>\n\n\n\n<p class=\"has-text-align-center has-black-color has-text-color\">Offrez une beaut\u00e9 compl\u00e8te : manucure, cils et \u00e9pilation. Un cadeau parfait pour chouchouter vos proches ! \ud83d\ude18\u2764\ufe0f<\/p>\n\n\n\n<p class=\"has-text-align-center\"><em>* Disponible u<em>niquement<\/em> sur notre page Planity<\/em><br><em>* Bon utilisable en plusieurs fois<\/em>, <em>valable 1 an \u00e0 partir de la date d&rsquo;achat<\/em><\/p>\n\n\n\n<div class=\"wp-block-buttons is-content-justification-center is-layout-flex wp-container-14 wp-block-buttons-is-layout-flex\">\n<div class=\"wp-block-button\"><a class=\"wp-block-button__link has-white-color has-text-color has-background has-text-align-center wp-element-button\" href=\"https:\/\/www.planity.com\/helia-nails-75005-paris-rk4\" style=\"background-color:#b21f5b\">J&rsquo;en profite<\/a><\/div>\n<\/div>\n<\/div>\n<\/div>\n<\/div>\n<\/div>\n\n\n\n<div class=\"wp-block-columns are-vertically-aligned-center is-layout-flex wp-container-22 wp-block-columns-is-layout-flex\">\n<div class=\"wp-block-column is-vertically-aligned-center is-layout-flow wp-block-column-is-layout-flow\">\n<figure class=\"wp-block-image size-large\"><img decoding=\"async\" loading=\"lazy\" width=\"813\" height=\"1024\" src=\"https:\/\/helianails-paris.com\/wp-content\/uploads\/2024\/06\/Story-insta-soldes-hiver-v3-813x1024.png\" alt=\"\" class=\"wp-image-708\" srcset=\"https:\/\/helianails-paris.com\/wp-content\/uploads\/2024\/06\/Story-insta-soldes-hiver-v3-813x1024.png 813w, https:\/\/helianails-paris.com\/wp-content\/uploads\/2024\/06\/Story-insta-soldes-hiver-v3-238x300.png 238w, https:\/\/helianails-paris.com\/wp-content\/uploads\/2024\/06\/Story-insta-soldes-hiver-v3-768x968.png 768w, https:\/\/helianails-paris.com\/wp-content\/uploads\/2024\/06\/Story-insta-soldes-hiver-v3-48x60.png 48w, https:\/\/helianails-paris.com\/wp-content\/uploads\/2024\/06\/Story-insta-soldes-hiver-v3.png 1077w\" sizes=\"(max-width: 813px) 100vw, 813px\" \/><\/figure>\n<\/div>\n\n\n\n<div class=\"wp-block-column is-vertically-aligned-center is-layout-flow wp-block-column-is-layout-flow\">\n<h2 class=\"wp-block-heading has-text-align-center has-text-color\" style=\"color:#b21f5b\">-10% Happy Hour<a href=\"https:\/\/coolsymbol.com\/copy\/Star-Struck_Emoji_Symbol_%F0%9F%A4%A9\">\ud83e\udd29<\/a><\/h2>\n\n\n\n<p class=\"has-text-align-center has-black-color has-text-color\">Nous vous soutenons dans la lutte contre <strong>l&rsquo;inflation \ud83d\udcaa<\/strong>\ud83d\udcaa<\/p>\n\n\n\n<p class=\"has-text-align-center has-black-color has-text-color\">\ud83d\udc96 Restons beaux \u00e0 tout (petit) prix ! \ud83d\udc96<\/p>\n\n\n\n<div class=\"wp-block-buttons is-content-justification-center is-layout-flex wp-container-20 wp-block-buttons-is-layout-flex\">\n<div class=\"wp-block-button\"><a class=\"wp-block-button__link has-white-color has-text-color has-background has-text-align-center wp-element-button\" href=\"https:\/\/helianails-paris.com\/index.php\/reserver\/\" style=\"background-color:#b21f5b\">J&rsquo;en profite<\/a><\/div>\n<\/div>\n<\/div>\n<\/div>\n\n\n\n<p><\/p>\n\n\n\n<div class=\"wp-block-columns are-vertically-aligned-center is-layout-flex wp-container-28 wp-block-columns-is-layout-flex\">\n<div class=\"wp-block-column is-vertically-aligned-center is-layout-flow wp-block-column-is-layout-flow\">\n<figure class=\"wp-block-gallery has-nested-images columns-default is-cropped wp-block-gallery-23 is-layout-flex wp-block-gallery-is-layout-flex\">\n<figure class=\"wp-block-image size-large\"><img decoding=\"async\" loading=\"lazy\" width=\"1024\" height=\"1024\" src=\"https:\/\/helianails-paris.com\/wp-content\/uploads\/2024\/06\/Post-tombola-TS-1-1024x1024.png\" alt=\"\" class=\"wp-image-724\" srcset=\"https:\/\/helianails-paris.com\/wp-content\/uploads\/2024\/06\/Post-tombola-TS-1-1024x1024.png 1024w, https:\/\/helianails-paris.com\/wp-content\/uploads\/2024\/06\/Post-tombola-TS-1-300x300.png 300w, https:\/\/helianails-paris.com\/wp-content\/uploads\/2024\/06\/Post-tombola-TS-1-150x150.png 150w, https:\/\/helianails-paris.com\/wp-content\/uploads\/2024\/06\/Post-tombola-TS-1-768x768.png 768w, https:\/\/helianails-paris.com\/wp-content\/uploads\/2024\/06\/Post-tombola-TS-1-60x60.png 60w, https:\/\/helianails-paris.com\/wp-content\/uploads\/2024\/06\/Post-tombola-TS-1.png 1080w\" sizes=\"(max-width: 1024px) 100vw, 1024px\" \/><\/figure>\n<\/figure>\n<\/div>\n\n\n\n<div class=\"wp-block-column is-vertically-aligned-center is-layout-flow wp-block-column-is-layout-flow\">\n<h2 class=\"wp-block-heading has-text-align-center has-text-color\" style=\"color:#b21f5b\">\ud83c\udf1fGagner des cadeaux !\ud83c\udf1f<\/h2>\n\n\n\n<p class=\"has-text-align-center has-black-color has-text-color\"> \ud83d\udc48\ud83d\udc48 Regardez moi \u00e7a !<br>Suivez notre page Instagram pour connaitre nos autres \u00e9v\u00e8nements !<\/p>\n\n\n\n<div class=\"wp-block-buttons is-content-justification-center is-layout-flex wp-container-26 wp-block-buttons-is-layout-flex\"><\/div>\n<\/div>\n<\/div>\n","protected":false},"excerpt":{"rendered":"<p>Offre sp\u00e9ciale No\u00ebl : Calendrier de l&rsquo;Avent \u2728 Du 1er au 24 d\u00e9cembre 2024, chaque prestation vous offre un cadeau surprise \ud83c\udf81 !Des centaines de cadeaux \u00e0 d\u00e9couvrir, mais attention &hellip; <\/p>\n","protected":false},"author":1,"featured_media":0,"parent":0,"menu_order":0,"comment_status":"closed","ping_status":"closed","template":"","meta":{"footnotes":""},"_links":{"self":[{"href":"https:\/\/helianails-paris.com\/index.php\/wp-json\/wp\/v2\/pages\/231"}],"collection":[{"href":"https:\/\/helianails-paris.com\/index.php\/wp-json\/wp\/v2\/pages"}],"about":[{"href":"https:\/\/helianails-paris.com\/index.php\/wp-json\/wp\/v2\/types\/page"}],"author":[{"embeddable":true,"href":"https:\/\/helianails-paris.com\/index.php\/wp-json\/wp\/v2\/users\/1"}],"replies":[{"embeddable":true,"href":"https:\/\/helianails-paris.com\/index.php\/wp-json\/wp\/v2\/comments?post=231"}],"version-history":[{"count":49,"href":"https:\/\/helianails-paris.com\/index.php\/wp-json\/wp\/v2\/pages\/231\/revisions"}],"predecessor-version":[{"id":843,"href":"https:\/\/helianails-paris.com\/index.php\/wp-json\/wp\/v2\/pages\/231\/revisions\/843"}],"wp:attachment":[{"href":"https:\/\/helianails-paris.com\/index.php\/wp-json\/wp\/v2\/media?parent=231"}],"curies":[{"name":"wp","href":"https:\/\/api.w.org\/{rel}","templated":true}]}}