{"id":115,"date":"2023-10-01T21:10:34","date_gmt":"2023-10-01T19:10:34","guid":{"rendered":"https:\/\/helianails-paris.com\/?page_id=115"},"modified":"2024-06-21T01:36:42","modified_gmt":"2024-06-20T23:36:42","slug":"nos-realisations","status":"publish","type":"page","link":"https:\/\/helianails-paris.com\/index.php\/nos-realisations\/","title":{"rendered":"Nos r\u00e9alisations"},"content":{"rendered":"\n<div class=\"wp-block-group is-layout-constrained wp-block-group-is-layout-constrained\"><div class=\"wp-block-group__inner-container\">\n<div class=\"wp-block-group is-layout-constrained wp-block-group-is-layout-constrained\"><div class=\"wp-block-group__inner-container\">\n<div class=\"wp-block-group is-layout-constrained wp-block-group-is-layout-constrained\"><div class=\"wp-block-group__inner-container\">\n<div class=\"wp-block-columns is-layout-flex wp-container-5 wp-block-columns-is-layout-flex\">\n<div class=\"wp-block-column is-vertically-aligned-center is-layout-flow wp-block-column-is-layout-flow\" style=\"flex-basis:100%\">\n<div class=\"wp-block-group is-layout-constrained wp-block-group-is-layout-constrained\"><div class=\"wp-block-group__inner-container\">\n<div class=\"wp-block-columns is-layout-flex wp-container-2 wp-block-columns-is-layout-flex\">\n<div class=\"wp-block-column is-layout-flow wp-block-column-is-layout-flow\">\n<p class=\"has-text-align-center\">D\u00e9couvrez nos cr\u00e9ations sublimes : manucure, rehaussement, extensions et teinture de cils, \u00e9pilation. Expertise et d\u00e9tente assur\u00e9es !<\/p>\n<\/div>\n<\/div>\n<\/div><\/div>\n<\/div>\n<\/div>\n<\/div><\/div>\n<\/div><\/div>\n<\/div><\/div>\n\n\n\n<div class=\"wp-block-group is-layout-constrained wp-block-group-is-layout-constrained\"><div class=\"wp-block-group__inner-container\">\n<div class=\"wp-block-columns is-layout-flex wp-container-18 wp-block-columns-is-layout-flex\">\n<div class=\"wp-block-column is-layout-flow wp-block-column-is-layout-flow\">\n<div class=\"wp-block-cover is-light\" style=\"min-height:430px\"><span aria-hidden=\"true\" class=\"wp-block-cover__background has-background-dim\"><\/span><img decoding=\"async\" loading=\"lazy\" width=\"1701\" height=\"2560\" class=\"wp-block-cover__image-background wp-image-416\" alt=\"\" src=\"https:\/\/helianails-paris.com\/wp-content\/uploads\/2024\/01\/DSCF0965-scaled.jpg\" data-object-fit=\"cover\" srcset=\"https:\/\/helianails-paris.com\/wp-content\/uploads\/2024\/01\/DSCF0965-scaled.jpg 1701w, https:\/\/helianails-paris.com\/wp-content\/uploads\/2024\/01\/DSCF0965-199x300.jpg 199w, https:\/\/helianails-paris.com\/wp-content\/uploads\/2024\/01\/DSCF0965-680x1024.jpg 680w, https:\/\/helianails-paris.com\/wp-content\/uploads\/2024\/01\/DSCF0965-768x1156.jpg 768w, https:\/\/helianails-paris.com\/wp-content\/uploads\/2024\/01\/DSCF0965-1020x1536.jpg 1020w, https:\/\/helianails-paris.com\/wp-content\/uploads\/2024\/01\/DSCF0965-1361x2048.jpg 1361w, https:\/\/helianails-paris.com\/wp-content\/uploads\/2024\/01\/DSCF0965-40x60.jpg 40w\" sizes=\"(max-width: 1701px) 100vw, 1701px\" \/><div class=\"wp-block-cover__inner-container is-layout-flow wp-block-cover-is-layout-flow\">\n<p class=\"has-text-align-left\"><\/p>\n\n\n\n<div class=\"wp-block-buttons is-content-justification-left is-layout-flex wp-container-9 wp-block-buttons-is-layout-flex\">\n<div class=\"wp-block-button\"><a class=\"wp-block-button__link has-white-color has-text-color has-background wp-element-button\" href=\"https:\/\/helianails-paris.com\/index.php\/manucure\/\" style=\"background-color:#b21f5b\">Bar \u00e0 ongles<\/a><\/div>\n<\/div>\n<\/div><\/div>\n<\/div>\n\n\n\n<div class=\"wp-block-column is-layout-flow wp-block-column-is-layout-flow\">\n<div class=\"wp-block-cover is-light\"><span aria-hidden=\"true\" class=\"wp-block-cover__background has-background-dim\"><\/span><img decoding=\"async\" loading=\"lazy\" width=\"1707\" height=\"2560\" class=\"wp-block-cover__image-background wp-image-425\" alt=\"\" src=\"https:\/\/helianails-paris.com\/wp-content\/uploads\/2024\/01\/hayley-kim-studios-sRSRuxkOuzI-unsplash-scaled.jpg\" data-object-fit=\"cover\" srcset=\"https:\/\/helianails-paris.com\/wp-content\/uploads\/2024\/01\/hayley-kim-studios-sRSRuxkOuzI-unsplash-scaled.jpg 1707w, https:\/\/helianails-paris.com\/wp-content\/uploads\/2024\/01\/hayley-kim-studios-sRSRuxkOuzI-unsplash-200x300.jpg 200w, https:\/\/helianails-paris.com\/wp-content\/uploads\/2024\/01\/hayley-kim-studios-sRSRuxkOuzI-unsplash-683x1024.jpg 683w, https:\/\/helianails-paris.com\/wp-content\/uploads\/2024\/01\/hayley-kim-studios-sRSRuxkOuzI-unsplash-768x1152.jpg 768w, https:\/\/helianails-paris.com\/wp-content\/uploads\/2024\/01\/hayley-kim-studios-sRSRuxkOuzI-unsplash-1024x1536.jpg 1024w, https:\/\/helianails-paris.com\/wp-content\/uploads\/2024\/01\/hayley-kim-studios-sRSRuxkOuzI-unsplash-1365x2048.jpg 1365w, https:\/\/helianails-paris.com\/wp-content\/uploads\/2024\/01\/hayley-kim-studios-sRSRuxkOuzI-unsplash-40x60.jpg 40w\" sizes=\"(max-width: 1707px) 100vw, 1707px\" \/><div class=\"wp-block-cover__inner-container is-layout-flow wp-block-cover-is-layout-flow\">\n<p><\/p>\n\n\n\n<div class=\"wp-block-buttons is-content-justification-left is-layout-flex wp-container-12 wp-block-buttons-is-layout-flex\">\n<div class=\"wp-block-button\"><a class=\"wp-block-button__link has-white-color has-text-color has-background wp-element-button\" href=\"https:\/\/helianails-paris.com\/index.php\/cils\/\" style=\"background-color:#b21f5b\">Beaut\u00e9 du regard<\/a><\/div>\n<\/div>\n<\/div><\/div>\n<\/div>\n\n\n\n<div class=\"wp-block-column is-layout-flow wp-block-column-is-layout-flow\">\n<div class=\"wp-block-cover is-light\"><span aria-hidden=\"true\" class=\"wp-block-cover__background has-background-dim\"><\/span><img decoding=\"async\" loading=\"lazy\" width=\"2560\" height=\"1703\" class=\"wp-block-cover__image-background wp-image-426\" alt=\"\" src=\"https:\/\/helianails-paris.com\/wp-content\/uploads\/2024\/01\/belle-jeune-fille-dans-salon-beaute-scaled.jpg\" style=\"object-position:18% 52%\" data-object-fit=\"cover\" data-object-position=\"18% 52%\" srcset=\"https:\/\/helianails-paris.com\/wp-content\/uploads\/2024\/01\/belle-jeune-fille-dans-salon-beaute-scaled.jpg 2560w, https:\/\/helianails-paris.com\/wp-content\/uploads\/2024\/01\/belle-jeune-fille-dans-salon-beaute-300x200.jpg 300w, https:\/\/helianails-paris.com\/wp-content\/uploads\/2024\/01\/belle-jeune-fille-dans-salon-beaute-1024x681.jpg 1024w, https:\/\/helianails-paris.com\/wp-content\/uploads\/2024\/01\/belle-jeune-fille-dans-salon-beaute-768x511.jpg 768w, https:\/\/helianails-paris.com\/wp-content\/uploads\/2024\/01\/belle-jeune-fille-dans-salon-beaute-1536x1022.jpg 1536w, https:\/\/helianails-paris.com\/wp-content\/uploads\/2024\/01\/belle-jeune-fille-dans-salon-beaute-2048x1363.jpg 2048w, https:\/\/helianails-paris.com\/wp-content\/uploads\/2024\/01\/belle-jeune-fille-dans-salon-beaute-90x60.jpg 90w, https:\/\/helianails-paris.com\/wp-content\/uploads\/2024\/01\/belle-jeune-fille-dans-salon-beaute-370x247.jpg 370w, https:\/\/helianails-paris.com\/wp-content\/uploads\/2024\/01\/belle-jeune-fille-dans-salon-beaute-776x517.jpg 776w\" sizes=\"(max-width: 2560px) 100vw, 2560px\" \/><div class=\"wp-block-cover__inner-container is-layout-flow wp-block-cover-is-layout-flow\">\n<p><\/p>\n\n\n\n<div class=\"wp-block-buttons is-content-justification-left is-layout-flex wp-container-15 wp-block-buttons-is-layout-flex\">\n<div class=\"wp-block-button\"><a class=\"wp-block-button__link has-white-color has-text-color has-background wp-element-button\" href=\"https:\/\/helianails-paris.com\/index.php\/pedicure\/\" style=\"background-color:#b21f5b\">Epilation<\/a><\/div>\n<\/div>\n<\/div><\/div>\n<\/div>\n<\/div>\n<\/div><\/div>\n\n\n\n<div class=\"wp-block-buttons is-layout-flex wp-block-buttons-is-layout-flex\"><\/div>\n","protected":false},"excerpt":{"rendered":"<p>D\u00e9couvrez nos cr\u00e9ations sublimes : manucure, rehaussement, extensions et teinture de cils, \u00e9pilation. Expertise et d\u00e9tente assur\u00e9es !<\/p>\n","protected":false},"author":1,"featured_media":0,"parent":0,"menu_order":0,"comment_status":"closed","ping_status":"closed","template":"","meta":{"footnotes":""},"_links":{"self":[{"href":"https:\/\/helianails-paris.com\/index.php\/wp-json\/wp\/v2\/pages\/115"}],"collection":[{"href":"https:\/\/helianails-paris.com\/index.php\/wp-json\/wp\/v2\/pages"}],"about":[{"href":"https:\/\/helianails-paris.com\/index.php\/wp-json\/wp\/v2\/types\/page"}],"author":[{"embeddable":true,"href":"https:\/\/helianails-paris.com\/index.php\/wp-json\/wp\/v2\/users\/1"}],"replies":[{"embeddable":true,"href":"https:\/\/helianails-paris.com\/index.php\/wp-json\/wp\/v2\/comments?post=115"}],"version-history":[{"count":56,"href":"https:\/\/helianails-paris.com\/index.php\/wp-json\/wp\/v2\/pages\/115\/revisions"}],"predecessor-version":[{"id":744,"href":"https:\/\/helianails-paris.com\/index.php\/wp-json\/wp\/v2\/pages\/115\/revisions\/744"}],"wp:attachment":[{"href":"https:\/\/helianails-paris.com\/index.php\/wp-json\/wp\/v2\/media?parent=115"}],"curies":[{"name":"wp","href":"https:\/\/api.w.org\/{rel}","templated":true}]}}